{"id":423,"date":"2020-10-13T08:31:50","date_gmt":"2020-10-13T08:31:50","guid":{"rendered":"http:\/\/unictron.com\/piezo\/applications\/ultrasonic-cleaning-welding-machining\/"},"modified":"2020-11-17T07:51:00","modified_gmt":"2020-11-17T07:51:00","slug":"ultrasonic-cleaning-welding-machining","status":"publish","type":"page","link":"https:\/\/www.unictron.com\/piezoelectric-components\/applications\/ultrasonic-cleaning-welding-machining\/?lang=zh-hant","title":{"rendered":"\u8d85\u97f3\u6ce2\u6e05\u6d17\/\u710a\u63a5\/\u52a0\u5de5\u6a5f"},"content":{"rendered":"\n<p>\u58d3\u96fb\u9676\u74f7\u5143\u4ef6\u662f\u8d85\u97f3\u6ce2\u6e05\u6d17\u6a5f\u3001\u8d85\u97f3\u6ce2\u710a\u63a5\u6a5f\u3001\u8d85\u97f3\u6ce2\u52a0\u5de5\u6a5f\u7b49\u8a2d\u5099\u4e2d\u4e4b\u6838\u5fc3\u5143\u4ef6\u3002\u58d3\u96fb\u9707\u52d5\u5b50\u6240\u7522\u751f\u7684\u8d85\u8072\u6ce2\u529f\u7387\u8d8a\u9ad8\uff0c\u5728\u8a2d\u5099\u4f7f\u7528\u4e0a\u6548\u76ca\u4e5f\u8d8a\u9ad8\u3002<\/p>\n\n\n\n<p>\u8a60\u696d\u79d1\u6280\u4e4b\u58d3\u96fb\u9676\u74f7\u5143\u4ef6\uff0c\u5177\u5099\u9ad8\u6a5f\u68b0\u54c1\u8cea\u56e0\u6578\u548c\u9ad8\u6a5f\u96fb\u8026\u5408\u53c3\u6578\uff0c\u6700\u9069\u5408\u6b64\u985e\u578b\u61c9\u7528\u3002\u8a60\u696d\u79d1\u6280\u4e4b\u58d3\u96fb\u5143\u4ef6\u5177\u5099\u5171\u632f\u983b\u7387\u963b\u6297\u4f4e\u4e14\u983b\u7387\u7a69\u5b9a\u5ea6\u9ad8\u7684\u7279\u6027\uff0c\u53ef\u63d0\u4f9b\u9ad8\u529f\u7387\u8f38\u51fa\u4e26\u5177\u6709\u826f\u597d\u7684\u53ef\u9760\u6027\uff0c\u80fd\u6eff\u8db3\u5ba2\u6236\u9700\u6c42\u3002\u8a60\u696d\u79d1\u6280\u7684\u5de5\u7a0b\u5718\u968a\uff0c\u5728\u58d3\u96fb\u9818\u57df\u64c1\u6709\u8d85\u904e25\u5e74\u7684\u958b\u767c\u8207\u751f\u7522\u7d93\u9a57\uff0c\u4e26\u6709\u5b8c\u5584\u7684\u6750\u6599\u914d\u65b9\u548c\u9676\u74f7\u88fd\u7a0b\u6280\u8853\u3002\u6191\u85c9\u512a\u826f\u7684\u6750\u6599\u7279\u6027\u8207\u751f\u7522\u8a2d\u5099\uff0c\u6211\u5011\u53ef\u4ee5\u958b\u767c\u4e26\u5927\u898f\u6a21\u751f\u7522\u5404\u5f0f\u5c3a\u5bf8\uff0c\u9ad8\u6027\u80fd\u7684\u5713\u5f62\u6216\u74b0\u5f62\u7684\u58d3\u96fb\u9676\u74f7\u5143\u4ef6\uff0c\u4ee5\u7b26\u5408\u5ba2\u6236\u7684\u9700\u6c42\u3002<\/p>\n\n\n\n<p><\/p>\n\n\n\n<h2>\u8d85\u97f3\u6ce2\u6e05\u6d17<\/h2>\n\n\n\n<p>\u8d85\u97f3\u6ce2\u6e05\u6d17\u6a5f\u88ab\u5ee3\u6cdb\u7528\u65bc\u6e05\u6d17\u73e0\u5bf6\uff0c\u773c\u93e1\uff0c\u7259\u79d1\/\u5916\u79d1\u96f6\u4ef6\u548c\u6a5f\u68b0\u96f6\u4ef6\u3002\u8d85\u8072\u6ce2\u6e05\u6d17\u8a2d\u5099\u4e5f\u662f\u5f88\u591a\u96fb\u5b50\u6216\u534a\u5c0e\u9ad4\u7522\u696d\u88fd\u7a0b\u4e2d\u7684\u91cd\u8981\u8a2d\u5099\u3002<\/p>\n\n\n\n<p>\u7576\u4e00\u500b\u58d3\u96fb\u63db\u80fd\u5668\u5728\u6e05\u6d17\u6db2\u4e2d\u7522\u751f\u8d85\u97f3\u6ce2\u632f\u52d5\uff0c\u9ad8\u632f\u5e45\u9707\u76ea\u6703\u6539\u8b8a\u6db2\u9ad4\u4e2d\u7684\u58d3\u529b\uff0c\u800c\u58d3\u529b\u7684\u8b8a\u5316\uff0c\u6703\u751f\u6210\u6578\u767e\u842c\u8a08\u7684\u5fae\u5c0f\u6c23\u6ce1\u3002\u7576\u6c23\u6ce1\u7834\u88c2\u6642\uff0c\u91cb\u653e\u7684\u80fd\u91cf\u6703\u7522\u751f\u5674\u6d41\uff0c\u7576\u5674\u6d41\u63a5\u89f8\u5230\u5f85\u6e05\u6d17\u7269\u8868\u9762\u6642\uff0c\u9019\u4e9b\u5674\u6d41\u6703\u9707\u6563\u8868\u9762\u7684\u6c61\u67d3\u7269\uff0c\u9054\u5230\u53bb\u9664\u7070\u5875\uff0c\u6c61\u57a2\uff0c\u6cb9\u6f2c\u7684\u76ee\u7684\u3002\u7576\u4e00\u500b\u58d3\u96fb\u63db\u80fd\u5668\u5728\u6e05\u6d17\u6db2\u4e2d\u7522\u751f\u8d85\u8072\u6ce2\u632f\u52d5\uff0c\u8db3\u5920\u7684\u9ad8\u632f\u5e45\u9707\u76ea\u6703\u6539\u8b8a\u6db2\u9ad4\u4e2d\u7684\u58d3\u529b\u3002 \u800c\u58d3\u529b\u7684\u8b8a\u5316\uff0c\u5c0e\u81f4\u751f\u6210\u6578\u767e\u842c\u8a08\u5fae\u5c0f\u6c23\u6ce1\u3002\u7576\u6ce1\u6cab\u5d29\u6f70\uff0c\u80fd\u91cf\u4ee5\u5fae\u5c0f\u5c04\u6d41\u7684\u65b9\u5f0f\u91cb\u653e\u5230\u96f6\u4ef6\u8868\u9762\uff0c\u9019\u4e9b\u5c04\u6d41\u5c07\u4f7f\u8868\u9762\u6c61\u67d3\u7269\u88ab\u9707\u6563\uff0c\u9054\u5230\u53bb\u9664\u7070\u5875\uff0c\u6c61\u57a2\uff0c\u6cb9\u6f2c\u7684\u76ee\u7684\u3002<\/p>\n\n\n\n<p><\/p>\n\n\n\n<h2>\u8d85\u97f3\u6ce2\u710a\u63a5<\/h2>\n\n\n\n<p>\u8d85\u97f3\u6ce2\u710a\u63a5\uff0c\u662f\u4e00\u7a2e\u53ef\u4ee5\u5c07\u91d1\u5c6c\u6216\u5851\u6599\u90e8\u4ef6\u710a\u63a5\u7684\u65b9\u6cd5\uff0c\u5feb\u901f\u4e14\u4f4e\u6210\u672c\u3002\u5c07\u6b32\u710a\u63a5\u7269\u4ef6\u7dca\u5bc6\u58d3\u5408\u5f8c\uff0c\u5229\u7528\u8d85\u97f3\u6ce2\u9707\u52d5\u5728\u5169\u500b\u7269\u4ef6\u58d3\u5408\u90e8\u4f4d\u7522\u751f\u78e8\u64e6\u800c\u767c\u71b1\uff0c\u7522\u751f\u7684\u71b1\u91cf\u5c07\u58d3\u5408\u90e8\u4f4d\u878d\u63a5\u5728\u4e00\u8d77\uff0c\u9054\u5230\u710a\u63a5\u76ee\u7684\u3002<\/p>\n\n\n\n<h2>\u8d85\u97f3\u6ce2\u52a0\u5de5<\/h2>\n\n\n\n<p>\u8d85\u97f3\u6ce2\u52a0\u5de5\u88ab\u5ee3\u6cdb\u7528\u65bc\u52a0\u5de5\u786c\u800c\u8106\u7684\u6750\u6599\uff0c\u5982\u73bb\u7483\uff0c\u9676\u74f7\u2026\u7b49\u3002\u52a0\u5de5\u6a5f\u672c\u9ad4\u4e26\u672a\u76f4\u63a5\u63a5\u89f8\u5f85\u52a0\u5de5\u7269\u4ef6\uff0c\u800c\u4fc2\u7531\u7522\u751f\u8d85\u97f3\u6ce2\u9707\u52d5\uff0c\u4f7f\u61f8\u6d6e\u6db2\u4e2d\u7684\u78e8\u6599\u649e\u64ca\u81f3\u5de5\u4ef6\u6b32\u52a0\u5de5\u7684\u90e8\u4efd\uff0c\u9054\u5230\u5c0d\u7269\u4ef6\u52a0\u5de5\u7684\u6548\u679c\u3002<\/p>\n\n\n\n<h2>\u61c9\u7528<\/h2>\n\n\n\n<div class=\"wp-block-image\"><figure class=\"alignright size-medium\"><a href=\"https:\/\/i2.wp.com\/unictron.com\/piezo\/wp-content\/uploads\/sites\/7\/2020\/10\/ultrasonic-cleaning-welding-machining.jpg\"><img decoding=\"async\" width=\"300\" height=\"245\" src=\"https:\/\/i1.wp.com\/unictron.com\/piezo\/wp-content\/uploads\/sites\/7\/2020\/10\/ultrasonic-cleaning-welding-machining-300x245.jpg?resize=300%2C245\" alt=\"\" class=\"wp-image-159\" srcset=\"https:\/\/i2.wp.com\/www.unictron.com\/piezoelectric-components\/wp-content\/uploads\/sites\/7\/2020\/10\/ultrasonic-cleaning-welding-machining.jpg?resize=300%2C245&amp;ssl=1 300w, https:\/\/i2.wp.com\/www.unictron.com\/piezoelectric-components\/wp-content\/uploads\/sites\/7\/2020\/10\/ultrasonic-cleaning-welding-machining.jpg?w=553&amp;ssl=1 553w\" sizes=\"(max-width: 300px) 100vw, 300px\" data-recalc-dims=\"1\" \/><\/a><\/figure><\/div>\n\n\n\n<ul><li>\u8d85\u97f3\u6ce2\u6e05\u6d17\/\u710a\u63a5\/\u52a0\u5de5\u6a5f\u5167\u7522\u751f\u9ad8\u529f\u7387\u8d85\u97f3\u6ce2\u9707\u76ea\u4e4b\u58d3\u96fb\u63db\u80fd\u5668<\/li><\/ul>\n\n\n\n<h2>\u7279\u6027<\/h2>\n\n\n\n<ul><li>\u7a69\u5b9a\u6027\u9ad8\u3001\u9ad8\u529f\u7387\u8f38\u51fa<\/li><li>\u9ad8\u6a5f\u68b0\u54c1\u8cea\u56e0\u6578\uff0c\u4f4e\u767c\u71b1\u91cf<\/li><li>\u6975\u4f73\u7684\u6a5f\u68b0\u7279\u6027<\/li><li>\u8f38\u51fa\u983b\u7387\u7a69\u5b9a\u5ea6\u4f73<\/li><\/ul>\n\n\n\n<p><\/p>\n\n\n\n<figure class=\"wp-block-table is-style-stripes\"><table class=\"has-subtle-pale-blue-background-color has-background\"><thead><tr><th>Dimensions OD\u00d7ID\u00d7t (mm)<\/th><th>Resonant Frequency (kHz)<\/th><th>Capacitance (pF)<\/th><th>Dissipation Factor (%)<\/th><\/tr><\/thead><tbody><tr><td>50\u00d715\u00d75<\/td><td>37<\/td><td>3400<\/td><td>0.3<\/td><\/tr><tr><td>50\u00d717\u00d76.5<\/td><td>35<\/td><td>2200<\/td><td>0.3<\/td><\/tr><tr><td>60\u00d730\u00d710<\/td><td>26<\/td><td>1900<\/td><td>0.3<\/td><\/tr><\/tbody><\/table><\/figure>\n\n\n\n<p><\/p>\n","protected":false},"excerpt":{"rendered":"<p>\u58d3\u96fb\u9676\u74f7\u5143\u4ef6\u662f\u8d85\u97f3\u6ce2\u6e05\u6d17\u6a5f\u3001\u8d85\u97f3\u6ce2\u710a\u63a5\u6a5f\u3001\u8d85\u97f3\u6ce2\u52a0\u5de5\u6a5f\u7b49\u8a2d\u5099\u4e2d\u4e4b\u6838\u5fc3\u5143\u4ef6\u3002\u58d3\u96fb\u9707\u52d5\u5b50\u6240\u7522\u751f\u7684\u8d85\u8072\u6ce2\u529f\u7387\u8d8a\u9ad8\uff0c\u5728\u8a2d\u5099\u4f7f\u7528\u4e0a\u6548\u76ca\u4e5f\u8d8a\u9ad8\u3002 \u8a60\u696d\u79d1\u6280\u4e4b\u58d3\u96fb\u9676\u74f7\u5143\u4ef6\uff0c\u5177\u5099\u9ad8\u6a5f\u68b0\u54c1\u8cea\u56e0\u6578\u548c\u9ad8\u6a5f\u96fb\u8026\u5408\u53c3\u6578\uff0c\u6700\u9069\u5408\u6b64\u985e\u578b\u61c9\u7528\u3002\u8a60\u696d\u79d1\u6280\u4e4b\u58d3\u96fb\u5143\u4ef6\u5177\u5099\u5171\u632f\u983b\u7387\u963b\u6297\u4f4e\u4e14\u983b\u7387\u7a69\u5b9a\u5ea6\u9ad8\u7684\u7279\u6027\uff0c\u53ef\u63d0\u4f9b\u9ad8\u529f\u7387\u8f38\u51fa\u4e26\u5177\u6709\u826f\u597d\u7684\u53ef\u9760\u6027\uff0c\u80fd\u6eff\u8db3\u5ba2\u6236\u9700\u6c42\u3002\u8a60\u696d\u79d1\u6280\u7684\u5de5\u7a0b\u5718\u968a\uff0c\u5728\u58d3\u96fb\u9818\u57df\u64c1\u6709\u8d85\u904e25\u5e74\u7684\u958b\u767c\u8207\u751f\u7522\u7d93\u9a57\uff0c\u4e26\u6709\u5b8c\u5584\u7684\u6750\u6599\u914d\u65b9\u548c\u9676\u74f7\u88fd\u7a0b\u6280\u8853\u3002\u6191\u85c9\u512a\u826f\u7684\u6750\u6599\u7279\u6027\u8207\u751f\u7522\u8a2d\u5099\uff0c\u6211\u5011\u53ef\u4ee5\u958b\u767c\u4e26\u5927\u898f\u6a21\u751f\u7522\u5404\u5f0f\u5c3a\u5bf8\uff0c\u9ad8\u6027\u80fd\u7684\u5713\u5f62\u6216\u74b0\u5f62\u7684\u58d3\u96fb\u9676\u74f7\u5143\u4ef6\uff0c\u4ee5\u7b26\u5408\u5ba2\u6236\u7684\u9700\u6c42\u3002 \u8d85\u97f3\u6ce2\u6e05\u6d17 \u8d85\u97f3\u6ce2\u6e05\u6d17\u6a5f\u88ab\u5ee3\u6cdb\u7528\u65bc\u6e05\u6d17\u73e0\u5bf6\uff0c\u773c\u93e1\uff0c\u7259\u79d1\/\u5916\u79d1\u96f6\u4ef6\u548c\u6a5f\u68b0\u96f6\u4ef6\u3002\u8d85\u8072\u6ce2\u6e05\u6d17\u8a2d\u5099\u4e5f\u662f\u5f88\u591a\u96fb\u5b50\u6216\u534a\u5c0e\u9ad4\u7522\u696d\u88fd\u7a0b\u4e2d\u7684\u91cd\u8981\u8a2d\u5099\u3002 \u7576\u4e00\u500b\u58d3\u96fb\u63db\u80fd\u5668\u5728\u6e05\u6d17\u6db2\u4e2d\u7522\u751f\u8d85\u97f3\u6ce2\u632f\u52d5\uff0c\u9ad8\u632f\u5e45\u9707\u76ea\u6703\u6539\u8b8a\u6db2\u9ad4\u4e2d\u7684\u58d3\u529b\uff0c\u800c\u58d3\u529b\u7684\u8b8a\u5316\uff0c\u6703\u751f\u6210\u6578\u767e\u842c\u8a08\u7684\u5fae\u5c0f\u6c23\u6ce1\u3002\u7576\u6c23\u6ce1\u7834\u88c2\u6642\uff0c\u91cb\u653e\u7684\u80fd\u91cf\u6703\u7522\u751f\u5674\u6d41\uff0c\u7576\u5674\u6d41\u63a5\u89f8\u5230\u5f85\u6e05\u6d17\u7269\u8868\u9762\u6642\uff0c\u9019\u4e9b\u5674\u6d41\u6703\u9707\u6563\u8868\u9762\u7684\u6c61\u67d3\u7269\uff0c\u9054\u5230\u53bb\u9664\u7070\u5875\uff0c\u6c61\u57a2\uff0c\u6cb9\u6f2c\u7684\u76ee\u7684\u3002\u7576\u4e00\u500b\u58d3\u96fb\u63db\u80fd\u5668\u5728\u6e05\u6d17\u6db2\u4e2d\u7522\u751f\u8d85\u8072\u6ce2\u632f\u52d5\uff0c\u8db3\u5920\u7684\u9ad8\u632f\u5e45\u9707\u76ea\u6703\u6539\u8b8a\u6db2\u9ad4\u4e2d\u7684\u58d3\u529b\u3002 \u800c\u58d3\u529b\u7684\u8b8a\u5316\uff0c\u5c0e\u81f4\u751f\u6210\u6578\u767e\u842c\u8a08\u5fae\u5c0f\u6c23\u6ce1\u3002\u7576\u6ce1\u6cab\u5d29\u6f70\uff0c\u80fd\u91cf\u4ee5\u5fae\u5c0f\u5c04\u6d41\u7684\u65b9\u5f0f\u91cb\u653e\u5230\u96f6\u4ef6\u8868\u9762\uff0c\u9019\u4e9b\u5c04\u6d41\u5c07\u4f7f\u8868\u9762\u6c61\u67d3\u7269\u88ab\u9707\u6563\uff0c\u9054\u5230\u53bb\u9664\u7070\u5875\uff0c\u6c61\u57a2\uff0c\u6cb9\u6f2c\u7684\u76ee\u7684\u3002 \u8d85\u97f3\u6ce2\u710a\u63a5 \u8d85\u97f3\u6ce2\u710a\u63a5\uff0c\u662f\u4e00\u7a2e\u53ef\u4ee5\u5c07\u91d1\u5c6c\u6216\u5851\u6599\u90e8\u4ef6\u710a\u63a5\u7684\u65b9\u6cd5\uff0c\u5feb\u901f\u4e14\u4f4e\u6210\u672c\u3002\u5c07\u6b32\u710a\u63a5\u7269\u4ef6\u7dca\u5bc6\u58d3\u5408\u5f8c\uff0c\u5229\u7528\u8d85\u97f3\u6ce2\u9707\u52d5\u5728\u5169\u500b\u7269\u4ef6\u58d3\u5408\u90e8\u4f4d\u7522\u751f\u78e8\u64e6\u800c\u767c\u71b1\uff0c\u7522\u751f\u7684\u71b1\u91cf\u5c07\u58d3\u5408\u90e8\u4f4d\u878d\u63a5\u5728\u4e00\u8d77\uff0c\u9054\u5230\u710a\u63a5\u76ee\u7684\u3002 \u8d85\u97f3\u6ce2\u52a0\u5de5 \u8d85\u97f3\u6ce2\u52a0\u5de5\u88ab\u5ee3\u6cdb\u7528\u65bc\u52a0\u5de5\u786c\u800c\u8106\u7684\u6750\u6599\uff0c\u5982\u73bb\u7483\uff0c\u9676\u74f7\u2026\u7b49\u3002\u52a0\u5de5\u6a5f\u672c\u9ad4\u4e26\u672a\u76f4\u63a5\u63a5\u89f8\u5f85\u52a0\u5de5\u7269\u4ef6\uff0c\u800c\u4fc2\u7531\u7522\u751f\u8d85\u97f3\u6ce2\u9707\u52d5\uff0c\u4f7f\u61f8\u6d6e\u6db2\u4e2d\u7684\u78e8\u6599\u649e\u64ca\u81f3\u5de5\u4ef6\u6b32\u52a0\u5de5\u7684\u90e8\u4efd\uff0c\u9054\u5230\u5c0d\u7269\u4ef6\u52a0\u5de5\u7684\u6548\u679c\u3002 \u61c9\u7528 \u8d85\u97f3\u6ce2\u6e05\u6d17\/\u710a\u63a5\/\u52a0\u5de5\u6a5f\u5167\u7522\u751f\u9ad8\u529f\u7387\u8d85\u97f3\u6ce2\u9707\u76ea\u4e4b\u58d3\u96fb\u63db\u80fd\u5668 \u7279\u6027 \u7a69\u5b9a\u6027\u9ad8\u3001\u9ad8\u529f\u7387\u8f38\u51fa \u9ad8\u6a5f\u68b0\u54c1\u8cea\u56e0\u6578\uff0c\u4f4e\u767c\u71b1\u91cf \u6975\u4f73\u7684\u6a5f\u68b0\u7279\u6027 \u8f38\u51fa\u983b\u7387\u7a69\u5b9a\u5ea6\u4f73 Dimensions OD\u00d7ID\u00d7t (mm) Resonant Frequency (kHz) Capacitance (pF) Dissipation Factor (%) 50\u00d715\u00d75 37&hellip;<\/p>\n","protected":false},"author":1,"featured_media":0,"parent":368,"menu_order":0,"comment_status":"closed","ping_status":"closed","template":"","meta":{"spay_email":""},"_links":{"self":[{"href":"https:\/\/www.unictron.com\/piezoelectric-components\/wp-json\/wp\/v2\/pages\/423"}],"collection":[{"href":"https:\/\/www.unictron.com\/piezoelectric-components\/wp-json\/wp\/v2\/pages"}],"about":[{"href":"https:\/\/www.unictron.com\/piezoelectric-components\/wp-json\/wp\/v2\/types\/page"}],"author":[{"embeddable":true,"href":"https:\/\/www.unictron.com\/piezoelectric-components\/wp-json\/wp\/v2\/users\/1"}],"replies":[{"embeddable":true,"href":"https:\/\/www.unictron.com\/piezoelectric-components\/wp-json\/wp\/v2\/comments?post=423"}],"version-history":[{"count":4,"href":"https:\/\/www.unictron.com\/piezoelectric-components\/wp-json\/wp\/v2\/pages\/423\/revisions"}],"predecessor-version":[{"id":855,"href":"https:\/\/www.unictron.com\/piezoelectric-components\/wp-json\/wp\/v2\/pages\/423\/revisions\/855"}],"up":[{"embeddable":true,"href":"https:\/\/www.unictron.com\/piezoelectric-components\/wp-json\/wp\/v2\/pages\/368"}],"wp:attachment":[{"href":"https:\/\/www.unictron.com\/piezoelectric-components\/wp-json\/wp\/v2\/media?parent=423"}],"curies":[{"name":"wp","href":"https:\/\/api.w.org\/{rel}","templated":true}]}}